{"id":231,"date":"2024-02-02T14:56:18","date_gmt":"2024-02-02T13:56:18","guid":{"rendered":"https:\/\/eibcagnes.fr\/?page_id=231"},"modified":"2024-04-11T21:12:57","modified_gmt":"2024-04-11T19:12:57","slug":"ecole","status":"publish","type":"page","link":"https:\/\/eibcagnes.fr\/en\/ecole\/","title":{"rendered":"The School"},"content":{"rendered":"<div data-elementor-type=\"wp-page\" data-elementor-id=\"231\" class=\"elementor elementor-231\" data-elementor-post-type=\"page\">\n\t\t\t\t\t\t<section class=\"elementor-section elementor-top-section elementor-element elementor-element-50ecbc21 elementor-section-full_width elementor-section-height-default elementor-section-height-default\" data-id=\"50ecbc21\" data-element_type=\"section\" data-settings=\"{&quot;background_background&quot;:&quot;classic&quot;}\">\n\t\t\t\t\t\t\t<div class=\"elementor-background-overlay\"><\/div>\n\t\t\t\t\t\t\t<div class=\"elementor-container elementor-column-gap-no\">\n\t\t\t\t\t<div class=\"elementor-column elementor-col-100 elementor-top-column elementor-element elementor-element-5a7c6b80\" data-id=\"5a7c6b80\" data-element_type=\"column\" data-settings=\"{&quot;background_background&quot;:&quot;classic&quot;}\">\n\t\t\t<div class=\"elementor-widget-wrap\">\n\t\t\t\t\t<div class=\"elementor-background-overlay\"><\/div>\n\t\t\t\t\t\t\t<\/div>\n\t\t<\/div>\n\t\t\t\t\t<\/div>\n\t\t<\/section>\n\t\t\t\t<section class=\"elementor-section elementor-top-section elementor-element elementor-element-57b8c65f elementor-section-boxed elementor-section-height-default elementor-section-height-default\" data-id=\"57b8c65f\" data-element_type=\"section\">\n\t\t\t\t\t\t\t<div class=\"elementor-background-overlay\"><\/div>\n\t\t\t\t\t\t\t<div class=\"elementor-container elementor-column-gap-default\">\n\t\t\t\t\t<div class=\"elementor-column elementor-col-100 elementor-top-column elementor-element elementor-element-201f099d\" data-id=\"201f099d\" data-element_type=\"column\">\n\t\t\t<div class=\"elementor-widget-wrap elementor-element-populated\">\n\t\t\t\t\t\t<div class=\"elementor-element elementor-element-4e63bac1 elementor-widget elementor-widget-heading\" data-id=\"4e63bac1\" data-element_type=\"widget\" data-widget_type=\"heading.default\">\n\t\t\t\t<div class=\"elementor-widget-container\">\n\t\t\t<h2 class=\"elementor-heading-title elementor-size-default\">NOTRE \u00c9COLE BILINGUE LE PAIN DE SUCRE \u00c0 CAGNES-SUR-MER<\/h2>\t\t<\/div>\n\t\t\t\t<\/div>\n\t\t\t\t\t<\/div>\n\t\t<\/div>\n\t\t\t\t\t<\/div>\n\t\t<\/section>\n\t\t\t\t<section class=\"elementor-section elementor-top-section elementor-element elementor-element-33aa591c elementor-section-boxed elementor-section-height-default elementor-section-height-default\" data-id=\"33aa591c\" data-element_type=\"section\" data-settings=\"{&quot;background_background&quot;:&quot;classic&quot;}\">\n\t\t\t\t\t\t<div class=\"elementor-container elementor-column-gap-default\">\n\t\t\t\t\t<div class=\"elementor-column elementor-col-100 elementor-top-column elementor-element elementor-element-5a1a53be\" data-id=\"5a1a53be\" data-element_type=\"column\">\n\t\t\t<div class=\"elementor-widget-wrap elementor-element-populated\">\n\t\t\t\t\t\t<div class=\"elementor-element elementor-element-4265b579 elementor-widget elementor-widget-spacer\" data-id=\"4265b579\" data-element_type=\"widget\" data-widget_type=\"spacer.default\">\n\t\t\t\t<div class=\"elementor-widget-container\">\n\t\t\t\t\t<div class=\"elementor-spacer\">\n\t\t\t<div class=\"elementor-spacer-inner\"><\/div>\n\t\t<\/div>\n\t\t\t\t<\/div>\n\t\t\t\t<\/div>\n\t\t\t\t\t<\/div>\n\t\t<\/div>\n\t\t\t\t\t<\/div>\n\t\t<\/section>\n\t\t\t\t<section class=\"elementor-section elementor-top-section elementor-element elementor-element-6542242f elementor-section-boxed elementor-section-height-default elementor-section-height-default\" data-id=\"6542242f\" data-element_type=\"section\">\n\t\t\t\t\t\t<div class=\"elementor-container elementor-column-gap-default\">\n\t\t\t\t\t<div class=\"elementor-column elementor-col-50 elementor-top-column elementor-element elementor-element-f85f5ef elementor-hidden-mobile\" data-id=\"f85f5ef\" data-element_type=\"column\" data-settings=\"{&quot;background_background&quot;:&quot;classic&quot;}\">\n\t\t\t<div class=\"elementor-widget-wrap elementor-element-populated\">\n\t\t\t\t\t\t<div class=\"elementor-element elementor-element-269f63d elementor-nav-menu__align-start elementor-nav-menu--dropdown-none elementor-widget elementor-widget-nav-menu\" data-id=\"269f63d\" data-element_type=\"widget\" data-settings=\"{&quot;layout&quot;:&quot;vertical&quot;,&quot;submenu_icon&quot;:{&quot;value&quot;:&quot;&lt;svg class=\\&quot;e-font-icon-svg e-fas-caret-down\\&quot; viewBox=\\&quot;0 0 320 512\\&quot; xmlns=\\&quot;http:\\\/\\\/www.w3.org\\\/2000\\\/svg\\&quot;&gt;&lt;path d=\\&quot;M31.3 192h257.3c17.8 0 26.7 21.5 14.1 34.1L174.1 354.8c-7.8 7.8-20.5 7.8-28.3 0L17.2 226.1C4.6 213.5 13.5 192 31.3 192z\\&quot;&gt;&lt;\\\/path&gt;&lt;\\\/svg&gt;&quot;,&quot;library&quot;:&quot;fa-solid&quot;}}\" data-widget_type=\"nav-menu.default\">\n\t\t\t\t<div class=\"elementor-widget-container\">\n\t\t\t\t\t\t<nav aria-label=\"Menu\" class=\"elementor-nav-menu--main elementor-nav-menu__container elementor-nav-menu--layout-vertical e--pointer-background e--animation-fade\">\n\t\t\t\t<ul id=\"menu-1-269f63d\" class=\"elementor-nav-menu sm-vertical\"><li class=\"menu-item menu-item-type-custom menu-item-object-custom menu-item-260\"><a href=\"https:\/\/eibcagnes.fr\/en\/\" class=\"elementor-item menu-link\">EIB<\/a><\/li>\n<li class=\"menu-item menu-item-type-post_type menu-item-object-page menu-item-261\"><a href=\"https:\/\/eibcagnes.fr\/en\/ecole\/\" class=\"elementor-item menu-link\">The School<\/a><\/li>\n<\/ul>\t\t\t<\/nav>\n\t\t\t\t\t\t<nav class=\"elementor-nav-menu--dropdown elementor-nav-menu__container\" aria-hidden=\"true\">\n\t\t\t\t<ul id=\"menu-2-269f63d\" class=\"elementor-nav-menu sm-vertical\"><li class=\"menu-item menu-item-type-custom menu-item-object-custom menu-item-260\"><a href=\"https:\/\/eibcagnes.fr\/en\/\" class=\"elementor-item menu-link\" tabindex=\"-1\">EIB<\/a><\/li>\n<li class=\"menu-item menu-item-type-post_type menu-item-object-page menu-item-261\"><a href=\"https:\/\/eibcagnes.fr\/en\/ecole\/\" class=\"elementor-item menu-link\" tabindex=\"-1\">The School<\/a><\/li>\n<\/ul>\t\t\t<\/nav>\n\t\t\t\t<\/div>\n\t\t\t\t<\/div>\n\t\t\t\t<div class=\"elementor-element elementor-element-4f0a152 elementor-nav-menu__align-start elementor-nav-menu--dropdown-none elementor-widget elementor-widget-nav-menu\" data-id=\"4f0a152\" data-element_type=\"widget\" data-settings=\"{&quot;layout&quot;:&quot;vertical&quot;,&quot;submenu_icon&quot;:{&quot;value&quot;:&quot;&lt;svg class=\\&quot;e-font-icon-svg e-fas-caret-down\\&quot; viewBox=\\&quot;0 0 320 512\\&quot; xmlns=\\&quot;http:\\\/\\\/www.w3.org\\\/2000\\\/svg\\&quot;&gt;&lt;path d=\\&quot;M31.3 192h257.3c17.8 0 26.7 21.5 14.1 34.1L174.1 354.8c-7.8 7.8-20.5 7.8-28.3 0L17.2 226.1C4.6 213.5 13.5 192 31.3 192z\\&quot;&gt;&lt;\\\/path&gt;&lt;\\\/svg&gt;&quot;,&quot;library&quot;:&quot;fa-solid&quot;}}\" data-widget_type=\"nav-menu.default\">\n\t\t\t\t<div class=\"elementor-widget-container\">\n\t\t\t\t\t\t<nav aria-label=\"Menu\" class=\"elementor-nav-menu--main elementor-nav-menu__container elementor-nav-menu--layout-vertical e--pointer-background e--animation-fade\">\n\t\t\t\t<ul id=\"menu-1-4f0a152\" class=\"elementor-nav-menu sm-vertical\"><li class=\"menu-item menu-item-type-custom menu-item-object-custom menu-item-262\"><a href=\"https:\/\/eibcagnes.fr\/en\/ecole\/nos-valeurs\/\" class=\"elementor-item menu-link\">Our values<\/a><\/li>\n<li class=\"menu-item menu-item-type-custom menu-item-object-custom menu-item-263\"><a href=\"https:\/\/eibcagnes.fr\/en\/ecole\/bilinguisme\/\" class=\"elementor-item menu-link\">Bilingualism<\/a><\/li>\n<li class=\"menu-item menu-item-type-custom menu-item-object-custom menu-item-264\"><a href=\"https:\/\/eibcagnes.fr\/en\/ecole\/vie-scolaire\/\" class=\"elementor-item menu-link\">School life<\/a><\/li>\n<\/ul>\t\t\t<\/nav>\n\t\t\t\t\t\t<nav class=\"elementor-nav-menu--dropdown elementor-nav-menu__container\" aria-hidden=\"true\">\n\t\t\t\t<ul id=\"menu-2-4f0a152\" class=\"elementor-nav-menu sm-vertical\"><li class=\"menu-item menu-item-type-custom menu-item-object-custom menu-item-262\"><a href=\"https:\/\/eibcagnes.fr\/en\/ecole\/nos-valeurs\/\" class=\"elementor-item menu-link\" tabindex=\"-1\">Our values<\/a><\/li>\n<li class=\"menu-item menu-item-type-custom menu-item-object-custom menu-item-263\"><a href=\"https:\/\/eibcagnes.fr\/en\/ecole\/bilinguisme\/\" class=\"elementor-item menu-link\" tabindex=\"-1\">Bilingualism<\/a><\/li>\n<li class=\"menu-item menu-item-type-custom menu-item-object-custom menu-item-264\"><a href=\"https:\/\/eibcagnes.fr\/en\/ecole\/vie-scolaire\/\" class=\"elementor-item menu-link\" tabindex=\"-1\">School life<\/a><\/li>\n<\/ul>\t\t\t<\/nav>\n\t\t\t\t<\/div>\n\t\t\t\t<\/div>\n\t\t\t\t<div class=\"elementor-element elementor-element-9caa95e elementor-nav-menu__align-start elementor-nav-menu--dropdown-none elementor-widget elementor-widget-nav-menu\" data-id=\"9caa95e\" data-element_type=\"widget\" data-settings=\"{&quot;layout&quot;:&quot;vertical&quot;,&quot;submenu_icon&quot;:{&quot;value&quot;:&quot;&lt;svg class=\\&quot;e-font-icon-svg e-fas-caret-down\\&quot; viewBox=\\&quot;0 0 320 512\\&quot; xmlns=\\&quot;http:\\\/\\\/www.w3.org\\\/2000\\\/svg\\&quot;&gt;&lt;path d=\\&quot;M31.3 192h257.3c17.8 0 26.7 21.5 14.1 34.1L174.1 354.8c-7.8 7.8-20.5 7.8-28.3 0L17.2 226.1C4.6 213.5 13.5 192 31.3 192z\\&quot;&gt;&lt;\\\/path&gt;&lt;\\\/svg&gt;&quot;,&quot;library&quot;:&quot;fa-solid&quot;}}\" data-widget_type=\"nav-menu.default\">\n\t\t\t\t<div class=\"elementor-widget-container\">\n\t\t\t\t\t\t<nav aria-label=\"Menu\" class=\"elementor-nav-menu--main elementor-nav-menu__container elementor-nav-menu--layout-vertical e--pointer-background e--animation-fade\">\n\t\t\t\t<ul id=\"menu-1-9caa95e\" class=\"elementor-nav-menu sm-vertical\"><li class=\"menu-item menu-item-type-custom menu-item-object-custom menu-item-266\"><a href=\"#\" class=\"elementor-item elementor-item-anchor menu-link\">The classes<\/a><\/li>\n<\/ul>\t\t\t<\/nav>\n\t\t\t\t\t\t<nav class=\"elementor-nav-menu--dropdown elementor-nav-menu__container\" aria-hidden=\"true\">\n\t\t\t\t<ul id=\"menu-2-9caa95e\" class=\"elementor-nav-menu sm-vertical\"><li class=\"menu-item menu-item-type-custom menu-item-object-custom menu-item-266\"><a href=\"#\" class=\"elementor-item elementor-item-anchor menu-link\" tabindex=\"-1\">The classes<\/a><\/li>\n<\/ul>\t\t\t<\/nav>\n\t\t\t\t<\/div>\n\t\t\t\t<\/div>\n\t\t\t\t<div class=\"elementor-element elementor-element-96fca48 elementor-nav-menu__align-start elementor-nav-menu--dropdown-none elementor-widget elementor-widget-nav-menu\" data-id=\"96fca48\" data-element_type=\"widget\" data-settings=\"{&quot;layout&quot;:&quot;vertical&quot;,&quot;submenu_icon&quot;:{&quot;value&quot;:&quot;&lt;svg class=\\&quot;e-font-icon-svg e-fas-caret-down\\&quot; viewBox=\\&quot;0 0 320 512\\&quot; xmlns=\\&quot;http:\\\/\\\/www.w3.org\\\/2000\\\/svg\\&quot;&gt;&lt;path d=\\&quot;M31.3 192h257.3c17.8 0 26.7 21.5 14.1 34.1L174.1 354.8c-7.8 7.8-20.5 7.8-28.3 0L17.2 226.1C4.6 213.5 13.5 192 31.3 192z\\&quot;&gt;&lt;\\\/path&gt;&lt;\\\/svg&gt;&quot;,&quot;library&quot;:&quot;fa-solid&quot;}}\" data-widget_type=\"nav-menu.default\">\n\t\t\t\t<div class=\"elementor-widget-container\">\n\t\t\t\t\t\t<nav aria-label=\"Menu\" class=\"elementor-nav-menu--main elementor-nav-menu__container elementor-nav-menu--layout-vertical e--pointer-background e--animation-fade\">\n\t\t\t\t<ul id=\"menu-1-96fca48\" class=\"elementor-nav-menu sm-vertical\"><li class=\"menu-item menu-item-type-custom menu-item-object-custom menu-item-267\"><a href=\"https:\/\/eibcagnes.fr\/en\/maternelle\/\" class=\"elementor-item menu-link\">Kindergarten<\/a><\/li>\n<li class=\"menu-item menu-item-type-custom menu-item-object-custom menu-item-268\"><a href=\"https:\/\/eibcagnes.fr\/en\/primaire\/\" class=\"elementor-item menu-link\">Primary<\/a><\/li>\n<\/ul>\t\t\t<\/nav>\n\t\t\t\t\t\t<nav class=\"elementor-nav-menu--dropdown elementor-nav-menu__container\" aria-hidden=\"true\">\n\t\t\t\t<ul id=\"menu-2-96fca48\" class=\"elementor-nav-menu sm-vertical\"><li class=\"menu-item menu-item-type-custom menu-item-object-custom menu-item-267\"><a href=\"https:\/\/eibcagnes.fr\/en\/maternelle\/\" class=\"elementor-item menu-link\" tabindex=\"-1\">Kindergarten<\/a><\/li>\n<li class=\"menu-item menu-item-type-custom menu-item-object-custom menu-item-268\"><a href=\"https:\/\/eibcagnes.fr\/en\/primaire\/\" class=\"elementor-item menu-link\" tabindex=\"-1\">Primary<\/a><\/li>\n<\/ul>\t\t\t<\/nav>\n\t\t\t\t<\/div>\n\t\t\t\t<\/div>\n\t\t\t\t<div class=\"elementor-element elementor-element-8265611 elementor-nav-menu__align-start elementor-nav-menu--dropdown-none elementor-widget elementor-widget-nav-menu\" data-id=\"8265611\" data-element_type=\"widget\" data-settings=\"{&quot;layout&quot;:&quot;vertical&quot;,&quot;submenu_icon&quot;:{&quot;value&quot;:&quot;&lt;svg class=\\&quot;e-font-icon-svg e-fas-caret-down\\&quot; viewBox=\\&quot;0 0 320 512\\&quot; xmlns=\\&quot;http:\\\/\\\/www.w3.org\\\/2000\\\/svg\\&quot;&gt;&lt;path d=\\&quot;M31.3 192h257.3c17.8 0 26.7 21.5 14.1 34.1L174.1 354.8c-7.8 7.8-20.5 7.8-28.3 0L17.2 226.1C4.6 213.5 13.5 192 31.3 192z\\&quot;&gt;&lt;\\\/path&gt;&lt;\\\/svg&gt;&quot;,&quot;library&quot;:&quot;fa-solid&quot;}}\" data-widget_type=\"nav-menu.default\">\n\t\t\t\t<div class=\"elementor-widget-container\">\n\t\t\t\t\t\t<nav aria-label=\"Menu\" class=\"elementor-nav-menu--main elementor-nav-menu__container elementor-nav-menu--layout-vertical e--pointer-background e--animation-fade\">\n\t\t\t\t<ul id=\"menu-1-8265611\" class=\"elementor-nav-menu sm-vertical\"><li class=\"menu-item menu-item-type-custom menu-item-object-custom menu-item-269\"><a href=\"https:\/\/eibcagnes.fr\/en\/cambridge\/\" class=\"elementor-item menu-link\">Cambridge<\/a><\/li>\n<li class=\"menu-item menu-item-type-custom menu-item-object-custom menu-item-270\"><a href=\"https:\/\/eibcagnes.fr\/en\/inscription\/\" class=\"elementor-item menu-link\">Enrollment<\/a><\/li>\n<li class=\"menu-item menu-item-type-custom menu-item-object-custom menu-item-271\"><a href=\"https:\/\/eibcagnes.fr\/en\/mini-club\/\" class=\"elementor-item menu-link\">Mini club<\/a><\/li>\n<li class=\"menu-item menu-item-type-custom menu-item-object-custom menu-item-272\"><a href=\"https:\/\/eibcagnes.fr\/en\/contact\/\" class=\"elementor-item menu-link\">Contact<\/a><\/li>\n<li class=\"menu-item menu-item-type-custom menu-item-object-custom menu-item-273\"><a href=\"https:\/\/eibcagnes.fr\/en\/parents\/\" class=\"elementor-item menu-link\">Parents<\/a><\/li>\n<\/ul>\t\t\t<\/nav>\n\t\t\t\t\t\t<nav class=\"elementor-nav-menu--dropdown elementor-nav-menu__container\" aria-hidden=\"true\">\n\t\t\t\t<ul id=\"menu-2-8265611\" class=\"elementor-nav-menu sm-vertical\"><li class=\"menu-item menu-item-type-custom menu-item-object-custom menu-item-269\"><a href=\"https:\/\/eibcagnes.fr\/en\/cambridge\/\" class=\"elementor-item menu-link\" tabindex=\"-1\">Cambridge<\/a><\/li>\n<li class=\"menu-item menu-item-type-custom menu-item-object-custom menu-item-270\"><a href=\"https:\/\/eibcagnes.fr\/en\/inscription\/\" class=\"elementor-item menu-link\" tabindex=\"-1\">Enrollment<\/a><\/li>\n<li class=\"menu-item menu-item-type-custom menu-item-object-custom menu-item-271\"><a href=\"https:\/\/eibcagnes.fr\/en\/mini-club\/\" class=\"elementor-item menu-link\" tabindex=\"-1\">Mini club<\/a><\/li>\n<li class=\"menu-item menu-item-type-custom menu-item-object-custom menu-item-272\"><a href=\"https:\/\/eibcagnes.fr\/en\/contact\/\" class=\"elementor-item menu-link\" tabindex=\"-1\">Contact<\/a><\/li>\n<li class=\"menu-item menu-item-type-custom menu-item-object-custom menu-item-273\"><a href=\"https:\/\/eibcagnes.fr\/en\/parents\/\" class=\"elementor-item menu-link\" tabindex=\"-1\">Parents<\/a><\/li>\n<\/ul>\t\t\t<\/nav>\n\t\t\t\t<\/div>\n\t\t\t\t<\/div>\n\t\t\t\t\t<\/div>\n\t\t<\/div>\n\t\t\t\t<div class=\"elementor-column elementor-col-50 elementor-top-column elementor-element elementor-element-146a6e16\" data-id=\"146a6e16\" data-element_type=\"column\" data-settings=\"{&quot;background_background&quot;:&quot;classic&quot;}\">\n\t\t\t<div class=\"elementor-widget-wrap elementor-element-populated\">\n\t\t\t\t\t\t<div class=\"elementor-element elementor-element-cbca0f4 elementor-widget elementor-widget-image\" data-id=\"cbca0f4\" data-element_type=\"widget\" data-widget_type=\"image.default\">\n\t\t\t\t<div class=\"elementor-widget-container\">\n\t\t\t\t\t\t\t\t\t\t\t\t\t<img fetchpriority=\"high\" decoding=\"async\" width=\"300\" height=\"300\" src=\"https:\/\/eibcagnes.fr\/wp-content\/uploads\/2024\/04\/logo-blue-cagnes.svg\" class=\"attachment-medium size-medium wp-image-880\" alt=\"\" \/>\t\t\t\t\t\t\t\t\t\t\t\t\t<\/div>\n\t\t\t\t<\/div>\n\t\t\t\t<div class=\"elementor-element elementor-element-17a49f8 elementor-widget elementor-widget-text-editor\" data-id=\"17a49f8\" data-element_type=\"widget\" data-widget_type=\"text-editor.default\">\n\t\t\t\t<div class=\"elementor-widget-container\">\n\t\t\t\t\t\t\t<p>Dans la lign\u00e9e des EIB Nice et P\u00e9gomas, notre \u00e9cole accueille, dans des classes \u00e0 petits effectifs, des enfants de toutes nationalit\u00e9s, g\u00e9n\u00e9rant un nouveau \u201cregard\u201d sur l\u2019enseignement en proposant un r\u00e9el bilinguisme <strong>50% English, 50% French from the age of 2 upwards.<\/strong><\/p><p>Nous assurons toutes les sections de <strong>MATERNELLE (d\u00e8s 2 ans)<\/strong> ainsi que les classes de PRIMAIRE du cours pr\u00e9paratoire au cours moyen 2.<\/p><p>Dans un climat chaleureux de dialogue et de respect d\u2019autrui, fond\u00e9 sur la confiance, chaque enfant s\u2019\u00e9panouit scolairement, socialement et nous le pr\u00e9parons \u00e0 vivre en soci\u00e9t\u00e9 et \u00e0 agir en lui donnant les outils fondamentaux et la libert\u00e9 d\u2019explorer et de cr\u00e9er en tenant compte de ses possibilit\u00e9s, sa maturit\u00e9, ses capacit\u00e9s d\u2019expression,son rythme biologique, son environnement familial et social.<\/p>\t\t\t\t\t\t<\/div>\n\t\t\t\t<\/div>\n\t\t\t\t<div class=\"elementor-element elementor-element-6ea679f elementor-widget elementor-widget-video\" data-id=\"6ea679f\" data-element_type=\"widget\" data-settings=\"{&quot;youtube_url&quot;:&quot;https:\\\/\\\/youtu.be\\\/Da7KVGfXhDY&quot;,&quot;lazy_load&quot;:&quot;yes&quot;,&quot;video_type&quot;:&quot;youtube&quot;,&quot;controls&quot;:&quot;yes&quot;}\" data-widget_type=\"video.default\">\n\t\t\t\t<div class=\"elementor-widget-container\">\n\t\t\t\t\t<div class=\"elementor-wrapper elementor-open-inline\">\n\t\t\t<div class=\"elementor-video\"><\/div>\t\t<\/div>\n\t\t\t\t<\/div>\n\t\t\t\t<\/div>\n\t\t\t\t<div class=\"elementor-element elementor-element-d804c0f elementor-widget elementor-widget-spacer\" data-id=\"d804c0f\" data-element_type=\"widget\" data-widget_type=\"spacer.default\">\n\t\t\t\t<div class=\"elementor-widget-container\">\n\t\t\t\t\t<div class=\"elementor-spacer\">\n\t\t\t<div class=\"elementor-spacer-inner\"><\/div>\n\t\t<\/div>\n\t\t\t\t<\/div>\n\t\t\t\t<\/div>\n\t\t\t\t\t<\/div>\n\t\t<\/div>\n\t\t\t\t\t<\/div>\n\t\t<\/section>\n\t\t\t\t<\/div>","protected":false},"excerpt":{"rendered":"<p>NOTRE \u00c9COLE BILINGUE LE PAIN DE SUCRE \u00c0 CAGNES-SUR-MER Dans la lign\u00e9e des EIB Nice et P\u00e9gomas, notre \u00e9cole accueille, [&hellip;]<\/p>","protected":false},"author":1,"featured_media":0,"parent":0,"menu_order":0,"comment_status":"closed","ping_status":"closed","template":"elementor_theme","meta":{"inline_featured_image":false,"site-sidebar-layout":"no-sidebar","site-content-layout":"","ast-site-content-layout":"full-width-container","site-content-style":"default","site-sidebar-style":"default","ast-global-header-display":"","ast-banner-title-visibility":"","ast-main-header-display":"","ast-hfb-above-header-display":"","ast-hfb-below-header-display":"","ast-hfb-mobile-header-display":"","site-post-title":"disabled","ast-breadcrumbs-content":"","ast-featured-img":"disabled","footer-sml-layout":"","theme-transparent-header-meta":"default","adv-header-id-meta":"","stick-header-meta":"","header-above-stick-meta":"","header-main-stick-meta":"","header-below-stick-meta":"","astra-migrate-meta-layouts":"set","ast-page-background-enabled":"default","ast-page-background-meta":{"desktop":{"background-color":"var(--ast-global-color-4)","background-image":"","background-repeat":"repeat","background-position":"center center","background-size":"auto","background-attachment":"scroll","background-type":"","background-media":"","overlay-type":"","overlay-color":"","overlay-gradient":""},"tablet":{"background-color":"","background-image":"","background-repeat":"repeat","background-position":"center center","background-size":"auto","background-attachment":"scroll","background-type":"","background-media":"","overlay-type":"","overlay-color":"","overlay-gradient":""},"mobile":{"background-color":"","background-image":"","background-repeat":"repeat","background-position":"center center","background-size":"auto","background-attachment":"scroll","background-type":"","background-media":"","overlay-type":"","overlay-color":"","overlay-gradient":""}},"ast-content-background-meta":{"desktop":{"background-color":"var(--ast-global-color-5)","background-image":"","background-repeat":"repeat","background-position":"center center","background-size":"auto","background-attachment":"scroll","background-type":"","background-media":"","overlay-type":"","overlay-color":"","overlay-gradient":""},"tablet":{"background-color":"var(--ast-global-color-5)","background-image":"","background-repeat":"repeat","background-position":"center center","background-size":"auto","background-attachment":"scroll","background-type":"","background-media":"","overlay-type":"","overlay-color":"","overlay-gradient":""},"mobile":{"background-color":"var(--ast-global-color-5)","background-image":"","background-repeat":"repeat","background-position":"center center","background-size":"auto","background-attachment":"scroll","background-type":"","background-media":"","overlay-type":"","overlay-color":"","overlay-gradient":""}},"footnotes":""},"class_list":["post-231","page","type-page","status-publish","hentry"],"_links":{"self":[{"href":"https:\/\/eibcagnes.fr\/en\/wp-json\/wp\/v2\/pages\/231","targetHints":{"allow":["GET"]}}],"collection":[{"href":"https:\/\/eibcagnes.fr\/en\/wp-json\/wp\/v2\/pages"}],"about":[{"href":"https:\/\/eibcagnes.fr\/en\/wp-json\/wp\/v2\/types\/page"}],"author":[{"embeddable":true,"href":"https:\/\/eibcagnes.fr\/en\/wp-json\/wp\/v2\/users\/1"}],"replies":[{"embeddable":true,"href":"https:\/\/eibcagnes.fr\/en\/wp-json\/wp\/v2\/comments?post=231"}],"version-history":[{"count":35,"href":"https:\/\/eibcagnes.fr\/en\/wp-json\/wp\/v2\/pages\/231\/revisions"}],"predecessor-version":[{"id":1013,"href":"https:\/\/eibcagnes.fr\/en\/wp-json\/wp\/v2\/pages\/231\/revisions\/1013"}],"wp:attachment":[{"href":"https:\/\/eibcagnes.fr\/en\/wp-json\/wp\/v2\/media?parent=231"}],"curies":[{"name":"wp","href":"https:\/\/api.w.org\/{rel}","templated":true}]}}